{"id":407,"date":"2016-12-22T22:16:34","date_gmt":"2016-12-22T21:16:34","guid":{"rendered":"http:\/\/auboisdeslutins.fr\/?post_type=product&#038;p=407"},"modified":"2023-11-22T11:10:14","modified_gmt":"2023-11-22T10:10:14","slug":"jeu-du-chat-et-de-la-souris","status":"publish","type":"product","link":"https:\/\/auboisdeslutins.fr\/index.php\/produit\/jeu-du-chat-et-de-la-souris\/","title":{"rendered":"Jeu du chat et de la souris"},"content":{"rendered":"<p>Notre petite souris gourmande d\u00e9guste son plateau fromage, surprise par le chat celle-ci doit absolument s\u2019\u00e9chapper pour ne pas servir de repas.<\/p>\n<p>Dans un premier temps un joueur prend le chat et l\u2019autre la souris.<\/p>\n<p>Chaque joueur prend quatre pions fromage.<\/p>\n<p>On pose le plateau fromage \u00e0 c\u00f4t\u00e9 du plateau de jeu.<\/p>\n<p>La partie peut commencer.<\/p>\n<p>Le joueur qui joue avec la souris pose cette derni\u00e8re sur le plateau fromage dans l\u2019emplacement pr\u00e9vu \u00e0 cet effet. Il doit tenir celle-ci par le tourillon situ\u00e9 au bout de la corde pour \u00e9viter tout accident lors des mouvements du chat.<\/p>\n<p>Le joueur qui joue avec le chat pose celui-ci sur le d\u00e9 et m\u00e9lange sur le plateau de jeu.<\/p>\n<p>Il soul\u00e8ve le chat et d\u00e9couvre alors le r\u00e9sultat du d\u00e9.<\/p>\n<p>Si le d\u00e9 r\u00e9v\u00e8le un 1 ou un 6 le chat tente d\u2019attraper la souris en se posant dessus, la souris doit donc s\u2019enfuir.<\/p>\n<p>Si le chat attrape la souris, celle-ci donne un fromage au chat.<\/p>\n<p>Au contraire si la souris parvient \u00e0 s\u2019\u00e9chapper, c\u2019est le chat qui lui donne un fromage.<\/p>\n<p>Cependant si par r\u00e9flexe, le chat tente d\u2019attraper la souris ou que celle-ci tente de s\u2019\u00e9chapper alors que le d\u00e9 r\u00e9v\u00e8le un autre chiffre que 1 ou 6, le joueur ayant commis la faute donne un fromage \u00e0 son adversaire.<\/p>\n<p>Le gagnant de la manche est celui qui r\u00e9cup\u00e8re tous les fromages de son adversaire.<\/p>\n<p>Lors de la deuxi\u00e8me manche les joueurs \u00e9changent le chat et la souris, les fromages sont redistribu\u00e9s et le jeu reprend.<\/p>\n<p>Le gagnant de la partie est celui qui remporte deux manches.<\/p>\n","protected":false},"excerpt":{"rendered":"<p>Notre petite souris gourmande d\u00e9guste son plateau fromage, surprise par le chat celle-ci doit absolument s\u2019\u00e9chapper pour ne pas servir de repas. Dans un premier temps un joueur prend le chat et l\u2019autre la souris. Chaque joueur prend quatre pions fromage. On pose le plateau fromage \u00e0 c\u00f4t\u00e9 du plateau de jeu. La partie peut [&hellip;]<\/p>\n","protected":false},"featured_media":409,"template":"","meta":[],"product_cat":[10],"product_tag":[],"class_list":["post-407","product","type-product","status-publish","has-post-thumbnail","hentry","product_cat-jouets"],"yoast_head":"<!-- This site is optimized with the Yoast SEO plugin v27.4 - https:\/\/yoast.com\/product\/yoast-seo-wordpress\/ -->\n<title>Jeu du chat et de la souris - Au bois des lutins<\/title>\n<meta name=\"robots\" content=\"index, follow, max-snippet:-1, max-image-preview:large, max-video-preview:-1\" \/>\n<link rel=\"canonical\" href=\"https:\/\/auboisdeslutins.fr\/index.php\/produit\/jeu-du-chat-et-de-la-souris\/\" \/>\n<meta property=\"og:locale\" content=\"fr_FR\" \/>\n<meta property=\"og:type\" content=\"article\" \/>\n<meta property=\"og:title\" content=\"Jeu du chat et de la souris - Au bois des lutins\" \/>\n<meta property=\"og:description\" content=\"Notre petite souris gourmande d\u00e9guste son plateau fromage, surprise par le chat celle-ci doit absolument s\u2019\u00e9chapper pour ne pas servir de repas. Dans un premier temps un joueur prend le chat et l\u2019autre la souris. Chaque joueur prend quatre pions fromage. On pose le plateau fromage \u00e0 c\u00f4t\u00e9 du plateau de jeu. La partie peut [&hellip;]\" \/>\n<meta property=\"og:url\" content=\"https:\/\/auboisdeslutins.fr\/index.php\/produit\/jeu-du-chat-et-de-la-souris\/\" \/>\n<meta property=\"og:site_name\" content=\"Au bois des lutins\" \/>\n<meta property=\"article:modified_time\" content=\"2023-11-22T10:10:14+00:00\" \/>\n<meta property=\"og:image\" content=\"https:\/\/auboisdeslutins.fr\/wp-content\/uploads\/2016\/12\/jeu-complet.jpg\" \/>\n\t<meta property=\"og:image:width\" content=\"1073\" \/>\n\t<meta property=\"og:image:height\" content=\"791\" \/>\n\t<meta property=\"og:image:type\" content=\"image\/jpeg\" \/>\n<meta name=\"twitter:card\" content=\"summary_large_image\" \/>\n<meta name=\"twitter:label1\" content=\"Dur\u00e9e de lecture estim\u00e9e\" \/>\n\t<meta name=\"twitter:data1\" content=\"1 minute\" \/>\n<script type=\"application\/ld+json\" class=\"yoast-schema-graph\">{\"@context\":\"https:\\\/\\\/schema.org\",\"@graph\":[{\"@type\":\"WebPage\",\"@id\":\"https:\\\/\\\/auboisdeslutins.fr\\\/index.php\\\/produit\\\/jeu-du-chat-et-de-la-souris\\\/\",\"url\":\"https:\\\/\\\/auboisdeslutins.fr\\\/index.php\\\/produit\\\/jeu-du-chat-et-de-la-souris\\\/\",\"name\":\"Jeu du chat et de la souris - Au bois des lutins\",\"isPartOf\":{\"@id\":\"https:\\\/\\\/auboisdeslutins.fr\\\/#website\"},\"primaryImageOfPage\":{\"@id\":\"https:\\\/\\\/auboisdeslutins.fr\\\/index.php\\\/produit\\\/jeu-du-chat-et-de-la-souris\\\/#primaryimage\"},\"image\":{\"@id\":\"https:\\\/\\\/auboisdeslutins.fr\\\/index.php\\\/produit\\\/jeu-du-chat-et-de-la-souris\\\/#primaryimage\"},\"thumbnailUrl\":\"https:\\\/\\\/auboisdeslutins.fr\\\/wp-content\\\/uploads\\\/2016\\\/12\\\/jeu-complet.jpg\",\"datePublished\":\"2016-12-22T21:16:34+00:00\",\"dateModified\":\"2023-11-22T10:10:14+00:00\",\"breadcrumb\":{\"@id\":\"https:\\\/\\\/auboisdeslutins.fr\\\/index.php\\\/produit\\\/jeu-du-chat-et-de-la-souris\\\/#breadcrumb\"},\"inLanguage\":\"fr-FR\",\"potentialAction\":[{\"@type\":\"ReadAction\",\"target\":[\"https:\\\/\\\/auboisdeslutins.fr\\\/index.php\\\/produit\\\/jeu-du-chat-et-de-la-souris\\\/\"]}]},{\"@type\":\"ImageObject\",\"inLanguage\":\"fr-FR\",\"@id\":\"https:\\\/\\\/auboisdeslutins.fr\\\/index.php\\\/produit\\\/jeu-du-chat-et-de-la-souris\\\/#primaryimage\",\"url\":\"https:\\\/\\\/auboisdeslutins.fr\\\/wp-content\\\/uploads\\\/2016\\\/12\\\/jeu-complet.jpg\",\"contentUrl\":\"https:\\\/\\\/auboisdeslutins.fr\\\/wp-content\\\/uploads\\\/2016\\\/12\\\/jeu-complet.jpg\",\"width\":1073,\"height\":791},{\"@type\":\"BreadcrumbList\",\"@id\":\"https:\\\/\\\/auboisdeslutins.fr\\\/index.php\\\/produit\\\/jeu-du-chat-et-de-la-souris\\\/#breadcrumb\",\"itemListElement\":[{\"@type\":\"ListItem\",\"position\":1,\"name\":\"Accueil\",\"item\":\"https:\\\/\\\/auboisdeslutins.fr\\\/\"},{\"@type\":\"ListItem\",\"position\":2,\"name\":\"En magasin&#8230;\",\"item\":\"https:\\\/\\\/auboisdeslutins.fr\\\/index.php\\\/boutique\\\/\"},{\"@type\":\"ListItem\",\"position\":3,\"name\":\"Jeu du chat et de la souris\"}]},{\"@type\":\"WebSite\",\"@id\":\"https:\\\/\\\/auboisdeslutins.fr\\\/#website\",\"url\":\"https:\\\/\\\/auboisdeslutins.fr\\\/\",\"name\":\"Au bois des lutins\",\"description\":\"menuiserie artisanale\",\"potentialAction\":[{\"@type\":\"SearchAction\",\"target\":{\"@type\":\"EntryPoint\",\"urlTemplate\":\"https:\\\/\\\/auboisdeslutins.fr\\\/?s={search_term_string}\"},\"query-input\":{\"@type\":\"PropertyValueSpecification\",\"valueRequired\":true,\"valueName\":\"search_term_string\"}}],\"inLanguage\":\"fr-FR\"}]}<\/script>\n<!-- \/ Yoast SEO plugin. -->","yoast_head_json":{"title":"Jeu du chat et de la souris - Au bois des lutins","robots":{"index":"index","follow":"follow","max-snippet":"max-snippet:-1","max-image-preview":"max-image-preview:large","max-video-preview":"max-video-preview:-1"},"canonical":"https:\/\/auboisdeslutins.fr\/index.php\/produit\/jeu-du-chat-et-de-la-souris\/","og_locale":"fr_FR","og_type":"article","og_title":"Jeu du chat et de la souris - Au bois des lutins","og_description":"Notre petite souris gourmande d\u00e9guste son plateau fromage, surprise par le chat celle-ci doit absolument s\u2019\u00e9chapper pour ne pas servir de repas. Dans un premier temps un joueur prend le chat et l\u2019autre la souris. Chaque joueur prend quatre pions fromage. On pose le plateau fromage \u00e0 c\u00f4t\u00e9 du plateau de jeu. La partie peut [&hellip;]","og_url":"https:\/\/auboisdeslutins.fr\/index.php\/produit\/jeu-du-chat-et-de-la-souris\/","og_site_name":"Au bois des lutins","article_modified_time":"2023-11-22T10:10:14+00:00","og_image":[{"width":1073,"height":791,"url":"https:\/\/auboisdeslutins.fr\/wp-content\/uploads\/2016\/12\/jeu-complet.jpg","type":"image\/jpeg"}],"twitter_card":"summary_large_image","twitter_misc":{"Dur\u00e9e de lecture estim\u00e9e":"1 minute"},"schema":{"@context":"https:\/\/schema.org","@graph":[{"@type":"WebPage","@id":"https:\/\/auboisdeslutins.fr\/index.php\/produit\/jeu-du-chat-et-de-la-souris\/","url":"https:\/\/auboisdeslutins.fr\/index.php\/produit\/jeu-du-chat-et-de-la-souris\/","name":"Jeu du chat et de la souris - Au bois des lutins","isPartOf":{"@id":"https:\/\/auboisdeslutins.fr\/#website"},"primaryImageOfPage":{"@id":"https:\/\/auboisdeslutins.fr\/index.php\/produit\/jeu-du-chat-et-de-la-souris\/#primaryimage"},"image":{"@id":"https:\/\/auboisdeslutins.fr\/index.php\/produit\/jeu-du-chat-et-de-la-souris\/#primaryimage"},"thumbnailUrl":"https:\/\/auboisdeslutins.fr\/wp-content\/uploads\/2016\/12\/jeu-complet.jpg","datePublished":"2016-12-22T21:16:34+00:00","dateModified":"2023-11-22T10:10:14+00:00","breadcrumb":{"@id":"https:\/\/auboisdeslutins.fr\/index.php\/produit\/jeu-du-chat-et-de-la-souris\/#breadcrumb"},"inLanguage":"fr-FR","potentialAction":[{"@type":"ReadAction","target":["https:\/\/auboisdeslutins.fr\/index.php\/produit\/jeu-du-chat-et-de-la-souris\/"]}]},{"@type":"ImageObject","inLanguage":"fr-FR","@id":"https:\/\/auboisdeslutins.fr\/index.php\/produit\/jeu-du-chat-et-de-la-souris\/#primaryimage","url":"https:\/\/auboisdeslutins.fr\/wp-content\/uploads\/2016\/12\/jeu-complet.jpg","contentUrl":"https:\/\/auboisdeslutins.fr\/wp-content\/uploads\/2016\/12\/jeu-complet.jpg","width":1073,"height":791},{"@type":"BreadcrumbList","@id":"https:\/\/auboisdeslutins.fr\/index.php\/produit\/jeu-du-chat-et-de-la-souris\/#breadcrumb","itemListElement":[{"@type":"ListItem","position":1,"name":"Accueil","item":"https:\/\/auboisdeslutins.fr\/"},{"@type":"ListItem","position":2,"name":"En magasin&#8230;","item":"https:\/\/auboisdeslutins.fr\/index.php\/boutique\/"},{"@type":"ListItem","position":3,"name":"Jeu du chat et de la souris"}]},{"@type":"WebSite","@id":"https:\/\/auboisdeslutins.fr\/#website","url":"https:\/\/auboisdeslutins.fr\/","name":"Au bois des lutins","description":"menuiserie artisanale","potentialAction":[{"@type":"SearchAction","target":{"@type":"EntryPoint","urlTemplate":"https:\/\/auboisdeslutins.fr\/?s={search_term_string}"},"query-input":{"@type":"PropertyValueSpecification","valueRequired":true,"valueName":"search_term_string"}}],"inLanguage":"fr-FR"}]}},"_links":{"self":[{"href":"https:\/\/auboisdeslutins.fr\/index.php\/wp-json\/wp\/v2\/product\/407","targetHints":{"allow":["GET"]}}],"collection":[{"href":"https:\/\/auboisdeslutins.fr\/index.php\/wp-json\/wp\/v2\/product"}],"about":[{"href":"https:\/\/auboisdeslutins.fr\/index.php\/wp-json\/wp\/v2\/types\/product"}],"wp:featuredmedia":[{"embeddable":true,"href":"https:\/\/auboisdeslutins.fr\/index.php\/wp-json\/wp\/v2\/media\/409"}],"wp:attachment":[{"href":"https:\/\/auboisdeslutins.fr\/index.php\/wp-json\/wp\/v2\/media?parent=407"}],"wp:term":[{"taxonomy":"product_cat","embeddable":true,"href":"https:\/\/auboisdeslutins.fr\/index.php\/wp-json\/wp\/v2\/product_cat?post=407"},{"taxonomy":"product_tag","embeddable":true,"href":"https:\/\/auboisdeslutins.fr\/index.php\/wp-json\/wp\/v2\/product_tag?post=407"}],"curies":[{"name":"wp","href":"https:\/\/api.w.org\/{rel}","templated":true}]}}