{"id":403,"date":"2016-12-22T21:54:50","date_gmt":"2016-12-22T20:54:50","guid":{"rendered":"http:\/\/auboisdeslutins.fr\/?post_type=product&#038;p=403"},"modified":"2023-11-22T11:10:35","modified_gmt":"2023-11-22T10:10:35","slug":"403","status":"publish","type":"product","link":"https:\/\/auboisdeslutins.fr\/index.php\/produit\/403\/","title":{"rendered":"Puissance 3"},"content":{"rendered":"<p>Jeu de r\u00e9flexion.<\/p>\n<p>Le but : \u00eatre le premier \u00e0 aligner ses trois pions.<\/p>\n<p>(pions align\u00e9s = sur une ligne <u>droite<\/u>)<\/p>\n<p>&nbsp;<\/p>\n<p>Au d\u00e9part le plateau est vide.<\/p>\n<p>Chaque joueur \u00e0 tour de r\u00f4le pose un pion sur le plateau, l\u00e0 o\u00f9 il veut, en emp\u00eachant l\u2019adversaire d\u2019aligner les siens.<\/p>\n<p>Quand tous les pions sont sur le plateau, chacun \u00e0 son tour peut alors d\u00e9placer d\u2019une case un de ses pions sur un emplacement libre contigu.<\/p>\n<p>(Il est donc interdit de passer par-dessus un autre pion)<\/p>\n<p>&nbsp;<\/p>\n","protected":false},"excerpt":{"rendered":"<p>Jeu de r\u00e9flexion. Le but : \u00eatre le premier \u00e0 aligner ses trois pions. (pions align\u00e9s = sur une ligne droite) &nbsp; Au d\u00e9part le plateau est vide. Chaque joueur \u00e0 tour de r\u00f4le pose un pion sur le plateau, l\u00e0 o\u00f9 il veut, en emp\u00eachant l\u2019adversaire d\u2019aligner les siens. Quand tous les pions sont [&hellip;]<\/p>\n","protected":false},"featured_media":404,"template":"","meta":[],"product_cat":[10],"product_tag":[],"class_list":["post-403","product","type-product","status-publish","has-post-thumbnail","hentry","product_cat-jouets"],"yoast_head":"<!-- This site is optimized with the Yoast SEO plugin v27.3 - https:\/\/yoast.com\/product\/yoast-seo-wordpress\/ -->\n<title>Puissance 3 - Au bois des lutins<\/title>\n<meta name=\"robots\" content=\"index, follow, max-snippet:-1, max-image-preview:large, max-video-preview:-1\" \/>\n<link rel=\"canonical\" href=\"https:\/\/auboisdeslutins.fr\/index.php\/produit\/403\/\" \/>\n<meta property=\"og:locale\" content=\"fr_FR\" \/>\n<meta property=\"og:type\" content=\"article\" \/>\n<meta property=\"og:title\" content=\"Puissance 3 - Au bois des lutins\" \/>\n<meta property=\"og:description\" content=\"Jeu de r\u00e9flexion. Le but : \u00eatre le premier \u00e0 aligner ses trois pions. (pions align\u00e9s = sur une ligne droite) &nbsp; Au d\u00e9part le plateau est vide. Chaque joueur \u00e0 tour de r\u00f4le pose un pion sur le plateau, l\u00e0 o\u00f9 il veut, en emp\u00eachant l\u2019adversaire d\u2019aligner les siens. Quand tous les pions sont [&hellip;]\" \/>\n<meta property=\"og:url\" content=\"https:\/\/auboisdeslutins.fr\/index.php\/produit\/403\/\" \/>\n<meta property=\"og:site_name\" content=\"Au bois des lutins\" \/>\n<meta property=\"article:modified_time\" content=\"2023-11-22T10:10:35+00:00\" \/>\n<meta property=\"og:image\" content=\"https:\/\/auboisdeslutins.fr\/wp-content\/uploads\/2016\/12\/puissance3.jpg\" \/>\n\t<meta property=\"og:image:width\" content=\"751\" \/>\n\t<meta property=\"og:image:height\" content=\"791\" \/>\n\t<meta property=\"og:image:type\" content=\"image\/jpeg\" \/>\n<meta name=\"twitter:card\" content=\"summary_large_image\" \/>\n<script type=\"application\/ld+json\" class=\"yoast-schema-graph\">{\"@context\":\"https:\\\/\\\/schema.org\",\"@graph\":[{\"@type\":\"WebPage\",\"@id\":\"https:\\\/\\\/auboisdeslutins.fr\\\/index.php\\\/produit\\\/403\\\/\",\"url\":\"https:\\\/\\\/auboisdeslutins.fr\\\/index.php\\\/produit\\\/403\\\/\",\"name\":\"Puissance 3 - Au bois des lutins\",\"isPartOf\":{\"@id\":\"https:\\\/\\\/auboisdeslutins.fr\\\/#website\"},\"primaryImageOfPage\":{\"@id\":\"https:\\\/\\\/auboisdeslutins.fr\\\/index.php\\\/produit\\\/403\\\/#primaryimage\"},\"image\":{\"@id\":\"https:\\\/\\\/auboisdeslutins.fr\\\/index.php\\\/produit\\\/403\\\/#primaryimage\"},\"thumbnailUrl\":\"https:\\\/\\\/auboisdeslutins.fr\\\/wp-content\\\/uploads\\\/2016\\\/12\\\/puissance3.jpg\",\"datePublished\":\"2016-12-22T20:54:50+00:00\",\"dateModified\":\"2023-11-22T10:10:35+00:00\",\"breadcrumb\":{\"@id\":\"https:\\\/\\\/auboisdeslutins.fr\\\/index.php\\\/produit\\\/403\\\/#breadcrumb\"},\"inLanguage\":\"fr-FR\",\"potentialAction\":[{\"@type\":\"ReadAction\",\"target\":[\"https:\\\/\\\/auboisdeslutins.fr\\\/index.php\\\/produit\\\/403\\\/\"]}]},{\"@type\":\"ImageObject\",\"inLanguage\":\"fr-FR\",\"@id\":\"https:\\\/\\\/auboisdeslutins.fr\\\/index.php\\\/produit\\\/403\\\/#primaryimage\",\"url\":\"https:\\\/\\\/auboisdeslutins.fr\\\/wp-content\\\/uploads\\\/2016\\\/12\\\/puissance3.jpg\",\"contentUrl\":\"https:\\\/\\\/auboisdeslutins.fr\\\/wp-content\\\/uploads\\\/2016\\\/12\\\/puissance3.jpg\",\"width\":751,\"height\":791},{\"@type\":\"BreadcrumbList\",\"@id\":\"https:\\\/\\\/auboisdeslutins.fr\\\/index.php\\\/produit\\\/403\\\/#breadcrumb\",\"itemListElement\":[{\"@type\":\"ListItem\",\"position\":1,\"name\":\"Accueil\",\"item\":\"https:\\\/\\\/auboisdeslutins.fr\\\/\"},{\"@type\":\"ListItem\",\"position\":2,\"name\":\"En magasin&#8230;\",\"item\":\"https:\\\/\\\/auboisdeslutins.fr\\\/index.php\\\/boutique\\\/\"},{\"@type\":\"ListItem\",\"position\":3,\"name\":\"Puissance 3\"}]},{\"@type\":\"WebSite\",\"@id\":\"https:\\\/\\\/auboisdeslutins.fr\\\/#website\",\"url\":\"https:\\\/\\\/auboisdeslutins.fr\\\/\",\"name\":\"Au bois des lutins\",\"description\":\"menuiserie artisanale\",\"potentialAction\":[{\"@type\":\"SearchAction\",\"target\":{\"@type\":\"EntryPoint\",\"urlTemplate\":\"https:\\\/\\\/auboisdeslutins.fr\\\/?s={search_term_string}\"},\"query-input\":{\"@type\":\"PropertyValueSpecification\",\"valueRequired\":true,\"valueName\":\"search_term_string\"}}],\"inLanguage\":\"fr-FR\"}]}<\/script>\n<!-- \/ Yoast SEO plugin. -->","yoast_head_json":{"title":"Puissance 3 - Au bois des lutins","robots":{"index":"index","follow":"follow","max-snippet":"max-snippet:-1","max-image-preview":"max-image-preview:large","max-video-preview":"max-video-preview:-1"},"canonical":"https:\/\/auboisdeslutins.fr\/index.php\/produit\/403\/","og_locale":"fr_FR","og_type":"article","og_title":"Puissance 3 - Au bois des lutins","og_description":"Jeu de r\u00e9flexion. Le but : \u00eatre le premier \u00e0 aligner ses trois pions. (pions align\u00e9s = sur une ligne droite) &nbsp; Au d\u00e9part le plateau est vide. Chaque joueur \u00e0 tour de r\u00f4le pose un pion sur le plateau, l\u00e0 o\u00f9 il veut, en emp\u00eachant l\u2019adversaire d\u2019aligner les siens. Quand tous les pions sont [&hellip;]","og_url":"https:\/\/auboisdeslutins.fr\/index.php\/produit\/403\/","og_site_name":"Au bois des lutins","article_modified_time":"2023-11-22T10:10:35+00:00","og_image":[{"width":751,"height":791,"url":"https:\/\/auboisdeslutins.fr\/wp-content\/uploads\/2016\/12\/puissance3.jpg","type":"image\/jpeg"}],"twitter_card":"summary_large_image","schema":{"@context":"https:\/\/schema.org","@graph":[{"@type":"WebPage","@id":"https:\/\/auboisdeslutins.fr\/index.php\/produit\/403\/","url":"https:\/\/auboisdeslutins.fr\/index.php\/produit\/403\/","name":"Puissance 3 - Au bois des lutins","isPartOf":{"@id":"https:\/\/auboisdeslutins.fr\/#website"},"primaryImageOfPage":{"@id":"https:\/\/auboisdeslutins.fr\/index.php\/produit\/403\/#primaryimage"},"image":{"@id":"https:\/\/auboisdeslutins.fr\/index.php\/produit\/403\/#primaryimage"},"thumbnailUrl":"https:\/\/auboisdeslutins.fr\/wp-content\/uploads\/2016\/12\/puissance3.jpg","datePublished":"2016-12-22T20:54:50+00:00","dateModified":"2023-11-22T10:10:35+00:00","breadcrumb":{"@id":"https:\/\/auboisdeslutins.fr\/index.php\/produit\/403\/#breadcrumb"},"inLanguage":"fr-FR","potentialAction":[{"@type":"ReadAction","target":["https:\/\/auboisdeslutins.fr\/index.php\/produit\/403\/"]}]},{"@type":"ImageObject","inLanguage":"fr-FR","@id":"https:\/\/auboisdeslutins.fr\/index.php\/produit\/403\/#primaryimage","url":"https:\/\/auboisdeslutins.fr\/wp-content\/uploads\/2016\/12\/puissance3.jpg","contentUrl":"https:\/\/auboisdeslutins.fr\/wp-content\/uploads\/2016\/12\/puissance3.jpg","width":751,"height":791},{"@type":"BreadcrumbList","@id":"https:\/\/auboisdeslutins.fr\/index.php\/produit\/403\/#breadcrumb","itemListElement":[{"@type":"ListItem","position":1,"name":"Accueil","item":"https:\/\/auboisdeslutins.fr\/"},{"@type":"ListItem","position":2,"name":"En magasin&#8230;","item":"https:\/\/auboisdeslutins.fr\/index.php\/boutique\/"},{"@type":"ListItem","position":3,"name":"Puissance 3"}]},{"@type":"WebSite","@id":"https:\/\/auboisdeslutins.fr\/#website","url":"https:\/\/auboisdeslutins.fr\/","name":"Au bois des lutins","description":"menuiserie artisanale","potentialAction":[{"@type":"SearchAction","target":{"@type":"EntryPoint","urlTemplate":"https:\/\/auboisdeslutins.fr\/?s={search_term_string}"},"query-input":{"@type":"PropertyValueSpecification","valueRequired":true,"valueName":"search_term_string"}}],"inLanguage":"fr-FR"}]}},"_links":{"self":[{"href":"https:\/\/auboisdeslutins.fr\/index.php\/wp-json\/wp\/v2\/product\/403","targetHints":{"allow":["GET"]}}],"collection":[{"href":"https:\/\/auboisdeslutins.fr\/index.php\/wp-json\/wp\/v2\/product"}],"about":[{"href":"https:\/\/auboisdeslutins.fr\/index.php\/wp-json\/wp\/v2\/types\/product"}],"wp:featuredmedia":[{"embeddable":true,"href":"https:\/\/auboisdeslutins.fr\/index.php\/wp-json\/wp\/v2\/media\/404"}],"wp:attachment":[{"href":"https:\/\/auboisdeslutins.fr\/index.php\/wp-json\/wp\/v2\/media?parent=403"}],"wp:term":[{"taxonomy":"product_cat","embeddable":true,"href":"https:\/\/auboisdeslutins.fr\/index.php\/wp-json\/wp\/v2\/product_cat?post=403"},{"taxonomy":"product_tag","embeddable":true,"href":"https:\/\/auboisdeslutins.fr\/index.php\/wp-json\/wp\/v2\/product_tag?post=403"}],"curies":[{"name":"wp","href":"https:\/\/api.w.org\/{rel}","templated":true}]}}