{"id":153,"date":"2016-02-04T13:33:36","date_gmt":"2016-02-04T12:33:36","guid":{"rendered":"http:\/\/auboisdeslutins.fr\/?post_type=product&#038;p=153"},"modified":"2023-11-26T23:45:29","modified_gmt":"2023-11-26T22:45:29","slug":"jeu-eveil-canin-1","status":"publish","type":"product","link":"https:\/\/auboisdeslutins.fr\/index.php\/produit\/jeu-eveil-canin-1\/","title":{"rendered":"Jeu \u00e9veil canin 1"},"content":{"rendered":"<p>Ce jeu d&rsquo;\u00e9veil pour chien stimulera votre compagnon tout en s&rsquo;amusant.<br \/>\nMotiv\u00e9 par les friandises que vous aurez cach\u00e9es sous les glissoires votre animal travaillera son esprit logique et son flaire afin de d\u00e9nicher sa r\u00e9compense.<br \/>\nVous passerez de longs moments de complicit\u00e9 avec votre chien.<br \/>\nStucture en bois massif compacte pour une bonne stabilit\u00e9 et une longue durabilit\u00e9.<br \/>\nDiam\u00e8tre 300mm \u00e9paisseur 36mm.<\/p>\n","protected":false},"excerpt":{"rendered":"<p>Ce jeu d&rsquo;\u00e9veil pour chien stimulera votre compagnon tout en s&rsquo;amusant. Motiv\u00e9 par les friandises que vous aurez cach\u00e9es sous les glissoires votre animal travaillera son esprit logique et son flaire afin de d\u00e9nicher sa r\u00e9compense. Vous passerez de longs moments de complicit\u00e9 avec votre chien. Stucture en bois massif compacte pour une bonne stabilit\u00e9 [&hellip;]<\/p>\n","protected":false},"featured_media":154,"template":"","meta":[],"product_cat":[9],"product_tag":[],"class_list":["post-153","product","type-product","status-publish","has-post-thumbnail","hentry","product_cat-jeux-animaux"],"yoast_head":"<!-- This site is optimized with the Yoast SEO plugin v27.4 - https:\/\/yoast.com\/product\/yoast-seo-wordpress\/ -->\n<title>Jeu \u00e9veil canin 1 - Au bois des lutins<\/title>\n<meta name=\"robots\" content=\"index, follow, max-snippet:-1, max-image-preview:large, max-video-preview:-1\" \/>\n<link rel=\"canonical\" href=\"https:\/\/auboisdeslutins.fr\/index.php\/produit\/jeu-eveil-canin-1\/\" \/>\n<meta property=\"og:locale\" content=\"fr_FR\" \/>\n<meta property=\"og:type\" content=\"article\" \/>\n<meta property=\"og:title\" content=\"Jeu \u00e9veil canin 1 - Au bois des lutins\" \/>\n<meta property=\"og:description\" content=\"Ce jeu d&rsquo;\u00e9veil pour chien stimulera votre compagnon tout en s&rsquo;amusant. Motiv\u00e9 par les friandises que vous aurez cach\u00e9es sous les glissoires votre animal travaillera son esprit logique et son flaire afin de d\u00e9nicher sa r\u00e9compense. Vous passerez de longs moments de complicit\u00e9 avec votre chien. Stucture en bois massif compacte pour une bonne stabilit\u00e9 [&hellip;]\" \/>\n<meta property=\"og:url\" content=\"https:\/\/auboisdeslutins.fr\/index.php\/produit\/jeu-eveil-canin-1\/\" \/>\n<meta property=\"og:site_name\" content=\"Au bois des lutins\" \/>\n<meta property=\"article:modified_time\" content=\"2023-11-26T22:45:29+00:00\" \/>\n<meta property=\"og:image\" content=\"https:\/\/auboisdeslutins.fr\/wp-content\/uploads\/2016\/02\/Jeu_eveil_canin1a.jpg\" \/>\n\t<meta property=\"og:image:width\" content=\"720\" \/>\n\t<meta property=\"og:image:height\" content=\"720\" \/>\n\t<meta property=\"og:image:type\" content=\"image\/jpeg\" \/>\n<meta name=\"twitter:card\" content=\"summary_large_image\" \/>\n<meta name=\"twitter:label1\" content=\"Dur\u00e9e de lecture estim\u00e9e\" \/>\n\t<meta name=\"twitter:data1\" content=\"1 minute\" \/>\n<script type=\"application\/ld+json\" class=\"yoast-schema-graph\">{\"@context\":\"https:\\\/\\\/schema.org\",\"@graph\":[{\"@type\":\"WebPage\",\"@id\":\"https:\\\/\\\/auboisdeslutins.fr\\\/index.php\\\/produit\\\/jeu-eveil-canin-1\\\/\",\"url\":\"https:\\\/\\\/auboisdeslutins.fr\\\/index.php\\\/produit\\\/jeu-eveil-canin-1\\\/\",\"name\":\"Jeu \u00e9veil canin 1 - Au bois des lutins\",\"isPartOf\":{\"@id\":\"https:\\\/\\\/auboisdeslutins.fr\\\/#website\"},\"primaryImageOfPage\":{\"@id\":\"https:\\\/\\\/auboisdeslutins.fr\\\/index.php\\\/produit\\\/jeu-eveil-canin-1\\\/#primaryimage\"},\"image\":{\"@id\":\"https:\\\/\\\/auboisdeslutins.fr\\\/index.php\\\/produit\\\/jeu-eveil-canin-1\\\/#primaryimage\"},\"thumbnailUrl\":\"https:\\\/\\\/auboisdeslutins.fr\\\/wp-content\\\/uploads\\\/2016\\\/02\\\/Jeu_eveil_canin1a.jpg\",\"datePublished\":\"2016-02-04T12:33:36+00:00\",\"dateModified\":\"2023-11-26T22:45:29+00:00\",\"breadcrumb\":{\"@id\":\"https:\\\/\\\/auboisdeslutins.fr\\\/index.php\\\/produit\\\/jeu-eveil-canin-1\\\/#breadcrumb\"},\"inLanguage\":\"fr-FR\",\"potentialAction\":[{\"@type\":\"ReadAction\",\"target\":[\"https:\\\/\\\/auboisdeslutins.fr\\\/index.php\\\/produit\\\/jeu-eveil-canin-1\\\/\"]}]},{\"@type\":\"ImageObject\",\"inLanguage\":\"fr-FR\",\"@id\":\"https:\\\/\\\/auboisdeslutins.fr\\\/index.php\\\/produit\\\/jeu-eveil-canin-1\\\/#primaryimage\",\"url\":\"https:\\\/\\\/auboisdeslutins.fr\\\/wp-content\\\/uploads\\\/2016\\\/02\\\/Jeu_eveil_canin1a.jpg\",\"contentUrl\":\"https:\\\/\\\/auboisdeslutins.fr\\\/wp-content\\\/uploads\\\/2016\\\/02\\\/Jeu_eveil_canin1a.jpg\",\"width\":720,\"height\":720},{\"@type\":\"BreadcrumbList\",\"@id\":\"https:\\\/\\\/auboisdeslutins.fr\\\/index.php\\\/produit\\\/jeu-eveil-canin-1\\\/#breadcrumb\",\"itemListElement\":[{\"@type\":\"ListItem\",\"position\":1,\"name\":\"Accueil\",\"item\":\"https:\\\/\\\/auboisdeslutins.fr\\\/\"},{\"@type\":\"ListItem\",\"position\":2,\"name\":\"En magasin&#8230;\",\"item\":\"https:\\\/\\\/auboisdeslutins.fr\\\/index.php\\\/boutique\\\/\"},{\"@type\":\"ListItem\",\"position\":3,\"name\":\"Jeu \u00e9veil canin 1\"}]},{\"@type\":\"WebSite\",\"@id\":\"https:\\\/\\\/auboisdeslutins.fr\\\/#website\",\"url\":\"https:\\\/\\\/auboisdeslutins.fr\\\/\",\"name\":\"Au bois des lutins\",\"description\":\"menuiserie artisanale\",\"potentialAction\":[{\"@type\":\"SearchAction\",\"target\":{\"@type\":\"EntryPoint\",\"urlTemplate\":\"https:\\\/\\\/auboisdeslutins.fr\\\/?s={search_term_string}\"},\"query-input\":{\"@type\":\"PropertyValueSpecification\",\"valueRequired\":true,\"valueName\":\"search_term_string\"}}],\"inLanguage\":\"fr-FR\"}]}<\/script>\n<!-- \/ Yoast SEO plugin. -->","yoast_head_json":{"title":"Jeu \u00e9veil canin 1 - Au bois des lutins","robots":{"index":"index","follow":"follow","max-snippet":"max-snippet:-1","max-image-preview":"max-image-preview:large","max-video-preview":"max-video-preview:-1"},"canonical":"https:\/\/auboisdeslutins.fr\/index.php\/produit\/jeu-eveil-canin-1\/","og_locale":"fr_FR","og_type":"article","og_title":"Jeu \u00e9veil canin 1 - Au bois des lutins","og_description":"Ce jeu d&rsquo;\u00e9veil pour chien stimulera votre compagnon tout en s&rsquo;amusant. Motiv\u00e9 par les friandises que vous aurez cach\u00e9es sous les glissoires votre animal travaillera son esprit logique et son flaire afin de d\u00e9nicher sa r\u00e9compense. Vous passerez de longs moments de complicit\u00e9 avec votre chien. Stucture en bois massif compacte pour une bonne stabilit\u00e9 [&hellip;]","og_url":"https:\/\/auboisdeslutins.fr\/index.php\/produit\/jeu-eveil-canin-1\/","og_site_name":"Au bois des lutins","article_modified_time":"2023-11-26T22:45:29+00:00","og_image":[{"width":720,"height":720,"url":"https:\/\/auboisdeslutins.fr\/wp-content\/uploads\/2016\/02\/Jeu_eveil_canin1a.jpg","type":"image\/jpeg"}],"twitter_card":"summary_large_image","twitter_misc":{"Dur\u00e9e de lecture estim\u00e9e":"1 minute"},"schema":{"@context":"https:\/\/schema.org","@graph":[{"@type":"WebPage","@id":"https:\/\/auboisdeslutins.fr\/index.php\/produit\/jeu-eveil-canin-1\/","url":"https:\/\/auboisdeslutins.fr\/index.php\/produit\/jeu-eveil-canin-1\/","name":"Jeu \u00e9veil canin 1 - Au bois des lutins","isPartOf":{"@id":"https:\/\/auboisdeslutins.fr\/#website"},"primaryImageOfPage":{"@id":"https:\/\/auboisdeslutins.fr\/index.php\/produit\/jeu-eveil-canin-1\/#primaryimage"},"image":{"@id":"https:\/\/auboisdeslutins.fr\/index.php\/produit\/jeu-eveil-canin-1\/#primaryimage"},"thumbnailUrl":"https:\/\/auboisdeslutins.fr\/wp-content\/uploads\/2016\/02\/Jeu_eveil_canin1a.jpg","datePublished":"2016-02-04T12:33:36+00:00","dateModified":"2023-11-26T22:45:29+00:00","breadcrumb":{"@id":"https:\/\/auboisdeslutins.fr\/index.php\/produit\/jeu-eveil-canin-1\/#breadcrumb"},"inLanguage":"fr-FR","potentialAction":[{"@type":"ReadAction","target":["https:\/\/auboisdeslutins.fr\/index.php\/produit\/jeu-eveil-canin-1\/"]}]},{"@type":"ImageObject","inLanguage":"fr-FR","@id":"https:\/\/auboisdeslutins.fr\/index.php\/produit\/jeu-eveil-canin-1\/#primaryimage","url":"https:\/\/auboisdeslutins.fr\/wp-content\/uploads\/2016\/02\/Jeu_eveil_canin1a.jpg","contentUrl":"https:\/\/auboisdeslutins.fr\/wp-content\/uploads\/2016\/02\/Jeu_eveil_canin1a.jpg","width":720,"height":720},{"@type":"BreadcrumbList","@id":"https:\/\/auboisdeslutins.fr\/index.php\/produit\/jeu-eveil-canin-1\/#breadcrumb","itemListElement":[{"@type":"ListItem","position":1,"name":"Accueil","item":"https:\/\/auboisdeslutins.fr\/"},{"@type":"ListItem","position":2,"name":"En magasin&#8230;","item":"https:\/\/auboisdeslutins.fr\/index.php\/boutique\/"},{"@type":"ListItem","position":3,"name":"Jeu \u00e9veil canin 1"}]},{"@type":"WebSite","@id":"https:\/\/auboisdeslutins.fr\/#website","url":"https:\/\/auboisdeslutins.fr\/","name":"Au bois des lutins","description":"menuiserie artisanale","potentialAction":[{"@type":"SearchAction","target":{"@type":"EntryPoint","urlTemplate":"https:\/\/auboisdeslutins.fr\/?s={search_term_string}"},"query-input":{"@type":"PropertyValueSpecification","valueRequired":true,"valueName":"search_term_string"}}],"inLanguage":"fr-FR"}]}},"_links":{"self":[{"href":"https:\/\/auboisdeslutins.fr\/index.php\/wp-json\/wp\/v2\/product\/153","targetHints":{"allow":["GET"]}}],"collection":[{"href":"https:\/\/auboisdeslutins.fr\/index.php\/wp-json\/wp\/v2\/product"}],"about":[{"href":"https:\/\/auboisdeslutins.fr\/index.php\/wp-json\/wp\/v2\/types\/product"}],"wp:featuredmedia":[{"embeddable":true,"href":"https:\/\/auboisdeslutins.fr\/index.php\/wp-json\/wp\/v2\/media\/154"}],"wp:attachment":[{"href":"https:\/\/auboisdeslutins.fr\/index.php\/wp-json\/wp\/v2\/media?parent=153"}],"wp:term":[{"taxonomy":"product_cat","embeddable":true,"href":"https:\/\/auboisdeslutins.fr\/index.php\/wp-json\/wp\/v2\/product_cat?post=153"},{"taxonomy":"product_tag","embeddable":true,"href":"https:\/\/auboisdeslutins.fr\/index.php\/wp-json\/wp\/v2\/product_tag?post=153"}],"curies":[{"name":"wp","href":"https:\/\/api.w.org\/{rel}","templated":true}]}}