{"id":499,"date":"2023-11-22T11:45:05","date_gmt":"2023-11-22T10:45:05","guid":{"rendered":"https:\/\/auboisdeslutins.fr\/?page_id=499"},"modified":"2023-11-26T16:31:36","modified_gmt":"2023-11-26T15:31:36","slug":"demande-de-renseignements","status":"publish","type":"page","link":"https:\/\/auboisdeslutins.fr\/index.php\/demande-de-renseignements\/","title":{"rendered":"Demande de renseignements"},"content":{"rendered":"<style id=\"wpforms-css-vars-496\">\n\t\t\t\t#wpforms-496 {\n\t\t\t\t\n\t\t\t}\n\t\t\t<\/style><div class=\"wpforms-container wpforms-container-full wpforms-render-modern\" id=\"wpforms-496\"><form id=\"wpforms-form-496\" class=\"wpforms-validate wpforms-form wpforms-ajax-form\" data-formid=\"496\" method=\"post\" enctype=\"multipart\/form-data\" action=\"\/index.php\/wp-json\/wp\/v2\/pages\/499\" data-token=\"d4a27bc0f29b8ff35c3c98a256eb924e\" data-token-time=\"1776502098\"><noscript class=\"wpforms-error-noscript\">Veuillez activer JavaScript dans votre navigateur pour remplir ce formulaire.<\/noscript><div id=\"wpforms-error-noscript\" style=\"display: none;\">Veuillez activer JavaScript dans votre navigateur pour remplir ce formulaire.<\/div><div class=\"wpforms-field-container\"><div id=\"wpforms-496-field_1-container\" class=\"wpforms-field wpforms-field-name\" data-field-id=\"1\"><label class=\"wpforms-field-label\" for=\"wpforms-496-field_1\">Nom <span class=\"wpforms-required-label\" aria-hidden=\"true\">*<\/span><\/label><input type=\"text\" id=\"wpforms-496-field_1\" class=\"wpforms-field-medium wpforms-field-required\" name=\"wpforms[fields][1]\" aria-errormessage=\"wpforms-496-field_1-error\" required><\/div><div id=\"wpforms-496-field_2-container\" class=\"wpforms-field wpforms-field-text\" data-field-id=\"2\"><label class=\"wpforms-field-label\" for=\"wpforms-496-field_2\">e-mail ou t\u00e9l\u00e9phone <span class=\"wpforms-required-label\" aria-hidden=\"true\">*<\/span><\/label><input type=\"text\" id=\"wpforms-496-field_2\" class=\"wpforms-field-medium wpforms-field-required\" name=\"wpforms[fields][2]\" aria-errormessage=\"wpforms-496-field_2-error\" aria-describedby=\"wpforms-496-field_2-description\" required><div id=\"wpforms-496-field_2-description\" class=\"wpforms-field-description\">pour pouvoir \u00eatre contact\u00e9<\/div><\/div><div id=\"wpforms-496-field_4-container\" class=\"wpforms-field wpforms-field-text\" data-field-id=\"4\"><label class=\"wpforms-field-label\" for=\"wpforms-496-field_4\">adresse ( au moins commune ou d\u00e9partement)<\/label><input type=\"text\" id=\"wpforms-496-field_4\" class=\"wpforms-field-medium\" name=\"wpforms[fields][4]\" aria-errormessage=\"wpforms-496-field_4-error\" aria-describedby=\"wpforms-496-field_4-description\" ><div id=\"wpforms-496-field_4-description\" class=\"wpforms-field-description\">pour \u00e9valuer une \u00e9ventuelle exp\u00e9dition<\/div><\/div><div id=\"wpforms-496-field_3-container\" class=\"wpforms-field wpforms-field-textarea\" data-field-id=\"3\"><label class=\"wpforms-field-label\" for=\"wpforms-496-field_3\">votre demande<\/label><textarea id=\"wpforms-496-field_3\" class=\"wpforms-field-medium\" name=\"wpforms[fields][3]\" aria-errormessage=\"wpforms-496-field_3-error\" aria-describedby=\"wpforms-496-field_3-description\" ><\/textarea><div id=\"wpforms-496-field_3-description\" class=\"wpforms-field-description\">Pr\u00e9cisez bien sur quel objet porte votre demande. Vous pouvez \u00e9galement pr\u00e9senter votre propre projet pour \u00e9tude<\/div><\/div><\/div><!-- .wpforms-field-container --><div class=\"wpforms-recaptcha-container wpforms-is-recaptcha wpforms-is-recaptcha-type-v2\" ><div class=\"g-recaptcha\" data-sitekey=\"6LenpRgpAAAAAPyhpStWVT_RW4hpLY4xCIwnlEOK\"><\/div><input type=\"text\" name=\"g-recaptcha-hidden\" class=\"wpforms-recaptcha-hidden\" style=\"position:absolute!important;clip:rect(0,0,0,0)!important;height:1px!important;width:1px!important;border:0!important;overflow:hidden!important;padding:0!important;margin:0!important;\" data-rule-recaptcha=\"1\"><\/div><div class=\"wpforms-submit-container\" ><input type=\"hidden\" name=\"wpforms[id]\" value=\"496\"><input type=\"hidden\" name=\"page_title\" value=\"\"><input type=\"hidden\" name=\"page_url\" value=\"https:\/\/auboisdeslutins.fr\/index.php\/wp-json\/wp\/v2\/pages\/499\"><input type=\"hidden\" name=\"url_referer\" value=\"\"><button type=\"submit\" name=\"wpforms[submit]\" id=\"wpforms-submit-496\" class=\"wpforms-submit\" data-alt-text=\"Envoi...\" data-submit-text=\"Envoyer\" aria-live=\"assertive\" value=\"wpforms-submit\">Envoyer<\/button><img loading=\"lazy\" decoding=\"async\" src=\"https:\/\/auboisdeslutins.fr\/wp-content\/plugins\/wpforms-lite\/assets\/images\/submit-spin.svg\" class=\"wpforms-submit-spinner\" style=\"display: none;\" width=\"26\" height=\"26\" alt=\"Chargement en cours\"><\/div><\/form><\/div>  <!-- .wpforms-container -->\n","protected":false},"excerpt":{"rendered":"","protected":false},"author":2,"featured_media":0,"parent":0,"menu_order":0,"comment_status":"closed","ping_status":"closed","template":"","meta":{"footnotes":""},"class_list":["post-499","page","type-page","status-publish","hentry"],"yoast_head":"<!-- This site is optimized with the Yoast SEO plugin v27.4 - https:\/\/yoast.com\/product\/yoast-seo-wordpress\/ -->\n<title>Demande de renseignements - Au bois des lutins<\/title>\n<meta name=\"robots\" content=\"index, follow, max-snippet:-1, max-image-preview:large, max-video-preview:-1\" \/>\n<link rel=\"canonical\" href=\"https:\/\/auboisdeslutins.fr\/index.php\/demande-de-renseignements\/\" \/>\n<meta property=\"og:locale\" content=\"fr_FR\" \/>\n<meta property=\"og:type\" content=\"article\" \/>\n<meta property=\"og:title\" content=\"Demande de renseignements - Au bois des lutins\" \/>\n<meta property=\"og:url\" content=\"https:\/\/auboisdeslutins.fr\/index.php\/demande-de-renseignements\/\" \/>\n<meta property=\"og:site_name\" content=\"Au bois des lutins\" \/>\n<meta property=\"article:modified_time\" content=\"2023-11-26T15:31:36+00:00\" \/>\n<meta name=\"twitter:card\" content=\"summary_large_image\" \/>\n<meta name=\"twitter:label1\" content=\"Dur\u00e9e de lecture estim\u00e9e\" \/>\n\t<meta name=\"twitter:data1\" content=\"1 minute\" \/>\n<script type=\"application\/ld+json\" class=\"yoast-schema-graph\">{\"@context\":\"https:\\\/\\\/schema.org\",\"@graph\":[{\"@type\":\"WebPage\",\"@id\":\"https:\\\/\\\/auboisdeslutins.fr\\\/index.php\\\/demande-de-renseignements\\\/\",\"url\":\"https:\\\/\\\/auboisdeslutins.fr\\\/index.php\\\/demande-de-renseignements\\\/\",\"name\":\"Demande de renseignements - Au bois des lutins\",\"isPartOf\":{\"@id\":\"https:\\\/\\\/auboisdeslutins.fr\\\/#website\"},\"datePublished\":\"2023-11-22T10:45:05+00:00\",\"dateModified\":\"2023-11-26T15:31:36+00:00\",\"breadcrumb\":{\"@id\":\"https:\\\/\\\/auboisdeslutins.fr\\\/index.php\\\/demande-de-renseignements\\\/#breadcrumb\"},\"inLanguage\":\"fr-FR\",\"potentialAction\":[{\"@type\":\"ReadAction\",\"target\":[\"https:\\\/\\\/auboisdeslutins.fr\\\/index.php\\\/demande-de-renseignements\\\/\"]}]},{\"@type\":\"BreadcrumbList\",\"@id\":\"https:\\\/\\\/auboisdeslutins.fr\\\/index.php\\\/demande-de-renseignements\\\/#breadcrumb\",\"itemListElement\":[{\"@type\":\"ListItem\",\"position\":1,\"name\":\"Accueil\",\"item\":\"https:\\\/\\\/auboisdeslutins.fr\\\/\"},{\"@type\":\"ListItem\",\"position\":2,\"name\":\"Demande de renseignements\"}]},{\"@type\":\"WebSite\",\"@id\":\"https:\\\/\\\/auboisdeslutins.fr\\\/#website\",\"url\":\"https:\\\/\\\/auboisdeslutins.fr\\\/\",\"name\":\"Au bois des lutins\",\"description\":\"menuiserie artisanale\",\"potentialAction\":[{\"@type\":\"SearchAction\",\"target\":{\"@type\":\"EntryPoint\",\"urlTemplate\":\"https:\\\/\\\/auboisdeslutins.fr\\\/?s={search_term_string}\"},\"query-input\":{\"@type\":\"PropertyValueSpecification\",\"valueRequired\":true,\"valueName\":\"search_term_string\"}}],\"inLanguage\":\"fr-FR\"}]}<\/script>\n<!-- \/ Yoast SEO plugin. -->","yoast_head_json":{"title":"Demande de renseignements - Au bois des lutins","robots":{"index":"index","follow":"follow","max-snippet":"max-snippet:-1","max-image-preview":"max-image-preview:large","max-video-preview":"max-video-preview:-1"},"canonical":"https:\/\/auboisdeslutins.fr\/index.php\/demande-de-renseignements\/","og_locale":"fr_FR","og_type":"article","og_title":"Demande de renseignements - Au bois des lutins","og_url":"https:\/\/auboisdeslutins.fr\/index.php\/demande-de-renseignements\/","og_site_name":"Au bois des lutins","article_modified_time":"2023-11-26T15:31:36+00:00","twitter_card":"summary_large_image","twitter_misc":{"Dur\u00e9e de lecture estim\u00e9e":"1 minute"},"schema":{"@context":"https:\/\/schema.org","@graph":[{"@type":"WebPage","@id":"https:\/\/auboisdeslutins.fr\/index.php\/demande-de-renseignements\/","url":"https:\/\/auboisdeslutins.fr\/index.php\/demande-de-renseignements\/","name":"Demande de renseignements - Au bois des lutins","isPartOf":{"@id":"https:\/\/auboisdeslutins.fr\/#website"},"datePublished":"2023-11-22T10:45:05+00:00","dateModified":"2023-11-26T15:31:36+00:00","breadcrumb":{"@id":"https:\/\/auboisdeslutins.fr\/index.php\/demande-de-renseignements\/#breadcrumb"},"inLanguage":"fr-FR","potentialAction":[{"@type":"ReadAction","target":["https:\/\/auboisdeslutins.fr\/index.php\/demande-de-renseignements\/"]}]},{"@type":"BreadcrumbList","@id":"https:\/\/auboisdeslutins.fr\/index.php\/demande-de-renseignements\/#breadcrumb","itemListElement":[{"@type":"ListItem","position":1,"name":"Accueil","item":"https:\/\/auboisdeslutins.fr\/"},{"@type":"ListItem","position":2,"name":"Demande de renseignements"}]},{"@type":"WebSite","@id":"https:\/\/auboisdeslutins.fr\/#website","url":"https:\/\/auboisdeslutins.fr\/","name":"Au bois des lutins","description":"menuiserie artisanale","potentialAction":[{"@type":"SearchAction","target":{"@type":"EntryPoint","urlTemplate":"https:\/\/auboisdeslutins.fr\/?s={search_term_string}"},"query-input":{"@type":"PropertyValueSpecification","valueRequired":true,"valueName":"search_term_string"}}],"inLanguage":"fr-FR"}]}},"_links":{"self":[{"href":"https:\/\/auboisdeslutins.fr\/index.php\/wp-json\/wp\/v2\/pages\/499","targetHints":{"allow":["GET"]}}],"collection":[{"href":"https:\/\/auboisdeslutins.fr\/index.php\/wp-json\/wp\/v2\/pages"}],"about":[{"href":"https:\/\/auboisdeslutins.fr\/index.php\/wp-json\/wp\/v2\/types\/page"}],"author":[{"embeddable":true,"href":"https:\/\/auboisdeslutins.fr\/index.php\/wp-json\/wp\/v2\/users\/2"}],"replies":[{"embeddable":true,"href":"https:\/\/auboisdeslutins.fr\/index.php\/wp-json\/wp\/v2\/comments?post=499"}],"version-history":[{"count":5,"href":"https:\/\/auboisdeslutins.fr\/index.php\/wp-json\/wp\/v2\/pages\/499\/revisions"}],"predecessor-version":[{"id":524,"href":"https:\/\/auboisdeslutins.fr\/index.php\/wp-json\/wp\/v2\/pages\/499\/revisions\/524"}],"wp:attachment":[{"href":"https:\/\/auboisdeslutins.fr\/index.php\/wp-json\/wp\/v2\/media?parent=499"}],"curies":[{"name":"wp","href":"https:\/\/api.w.org\/{rel}","templated":true}]}}