{"id":2,"date":"2016-01-06T17:30:04","date_gmt":"2016-01-06T17:30:04","guid":{"rendered":"http:\/\/auboisdeslutins.fr\/?page_id=2"},"modified":"2023-11-22T19:05:43","modified_gmt":"2023-11-22T18:05:43","slug":"sample-page","status":"publish","type":"page","link":"https:\/\/auboisdeslutins.fr\/","title":{"rendered":"Bienvenue !"},"content":{"rendered":"<p style=\"text-align: left;\"><strong>Le Bois est un mat\u00e9riau noble, durable, qui offre tellement de\u00a0possibilit\u00e9s !<\/strong><\/p>\n<p style=\"text-align: left;\">\r\n\t<div class=\"slideshow_container slideshow_container_style-light\" style=\"height: 360px; max-width: 480px;\" data-slideshow-id=\"378\" data-style-name=\"style-light\" data-style-version=\"2.3.1\" >\r\n\r\n\t\t\t\t\t<div class=\"slideshow_loading_icon\"><\/div>\r\n\t\t\r\n\t\t<div class=\"slideshow_content\" style=\"display: none;\">\r\n\r\n\t\t\t<div class=\"slideshow_view\">\r\n\t\t\t\t<div class=\"slideshow_slide slideshow_slide_image\">\r\n\t\t\t\t\t\t\t\t\t\t\t<img src=\"https:\/\/auboisdeslutins.fr\/wp-content\/uploads\/2016\/01\/jeu-de-puces_1a.jpg\" alt=\"jeu d'estaminet : jeu de puces\" width=\"640\" height=\"480\" \/>\r\n\t\t\t\t\t\t\t\t\t\t<div class=\"slideshow_description_box slideshow_transparent\">\r\n\t\t\t\t\t\t<div class=\"slideshow_title\">jeu-de-puces_1a<\/div>\t\t\t\t\t\t\t\t\t\t\t<\/div>\r\n\t\t\t\t<\/div>\r\n\r\n\t\t\t\t\t\t<div style=\"clear: both;\"><\/div><\/div><div class=\"slideshow_view\">\r\n\t\t\t\t<div class=\"slideshow_slide slideshow_slide_image\">\r\n\t\t\t\t\t\t\t\t\t\t\t<img src=\"https:\/\/auboisdeslutins.fr\/wp-content\/uploads\/2016\/01\/plumier_3.jpg\" alt=\"Plumier escargot\" width=\"1536\" height=\"1152\" \/>\r\n\t\t\t\t\t\t\t\t\t\t<div class=\"slideshow_description_box slideshow_transparent\">\r\n\t\t\t\t\t\t<div class=\"slideshow_title\">Plumier escargot<\/div>\t\t\t\t\t\t\t\t\t\t\t<\/div>\r\n\t\t\t\t<\/div>\r\n\r\n\t\t\t\t\t\t<div style=\"clear: both;\"><\/div><\/div><div class=\"slideshow_view\">\r\n\t\t\t\t<div class=\"slideshow_slide slideshow_slide_image\">\r\n\t\t\t\t\t\t\t\t\t\t\t<img src=\"https:\/\/auboisdeslutins.fr\/wp-content\/uploads\/2016\/12\/jeu-complet.jpg\" alt=\"jeu de r\u00e9flexe : le chat et la souris\" width=\"1073\" height=\"791\" \/>\r\n\t\t\t\t\t\t\t\t\t\t<div class=\"slideshow_description_box slideshow_transparent\">\r\n\t\t\t\t\t\t<div class=\"slideshow_title\">chat souris<\/div>\t\t\t\t\t\t\t\t\t\t\t<\/div>\r\n\t\t\t\t<\/div>\r\n\r\n\t\t\t\t\t\t<div style=\"clear: both;\"><\/div><\/div><div class=\"slideshow_view\">\r\n\t\t\t\t<div class=\"slideshow_slide slideshow_slide_image\">\r\n\t\t\t\t\t\t\t\t\t\t\t<img src=\"https:\/\/auboisdeslutins.fr\/wp-content\/uploads\/2016\/01\/meuble-plantes_1a.jpg\" alt=\"pr\u00e9sentoir \u00e0 plantes\" width=\"1536\" height=\"1152\" \/>\r\n\t\t\t\t\t\t\t\t\t\t<div class=\"slideshow_description_box slideshow_transparent\">\r\n\t\t\t\t\t\t<div class=\"slideshow_title\">meuble support de plantes<\/div>\t\t\t\t\t\t\t\t\t\t\t<\/div>\r\n\t\t\t\t<\/div>\r\n\r\n\t\t\t\t\t\t<div style=\"clear: both;\"><\/div><\/div><div class=\"slideshow_view\">\r\n\t\t\t\t<div class=\"slideshow_slide slideshow_slide_image\">\r\n\t\t\t\t\t\t\t\t\t\t\t<img src=\"https:\/\/auboisdeslutins.fr\/wp-content\/uploads\/2016\/01\/jeu-3-en-1-modulable_1b-e1482446102115.jpg\" alt=\"En configuration Hockey de table\" width=\"478\" height=\"553\" \/>\r\n\t\t\t\t\t\t\t\t\t\t<div class=\"slideshow_description_box slideshow_transparent\">\r\n\t\t\t\t\t\t<div class=\"slideshow_title\">En configuration Hockey de table<\/div>\t\t\t\t\t\t\t\t\t\t\t<\/div>\r\n\t\t\t\t<\/div>\r\n\r\n\t\t\t\t\t\t<div style=\"clear: both;\"><\/div><\/div><div class=\"slideshow_view\">\r\n\t\t\t\t<div class=\"slideshow_slide slideshow_slide_image\">\r\n\t\t\t\t\t\t\t\t\t\t\t<img src=\"https:\/\/auboisdeslutins.fr\/wp-content\/uploads\/2016\/02\/Pot_a_crayons1c.jpg\" alt=\"Pot \u00e0 crayons int\u00e9grant le taille-crayon\" width=\"479\" height=\"479\" \/>\r\n\t\t\t\t\t\t\t\t\t\t<div class=\"slideshow_description_box slideshow_transparent\">\r\n\t\t\t\t\t\t<div class=\"slideshow_title\">Pot_a_crayons1c<\/div>\t\t\t\t\t\t\t\t\t\t\t<\/div>\r\n\t\t\t\t<\/div>\r\n\r\n\t\t\t\t\t\t<div style=\"clear: both;\"><\/div><\/div><div class=\"slideshow_view\">\r\n\t\t\t\t<div class=\"slideshow_slide slideshow_slide_image\">\r\n\t\t\t\t\t\t\t\t\t\t\t<img src=\"https:\/\/auboisdeslutins.fr\/wp-content\/uploads\/2016\/01\/jeu-canin_1b.jpg\" alt=\"Jeu pour chien\" width=\"1536\" height=\"1152\" \/>\r\n\t\t\t\t\t\t\t\t\t\t<div class=\"slideshow_description_box slideshow_transparent\">\r\n\t\t\t\t\t\t<div class=\"slideshow_title\">Jeu canin 1<\/div>\t\t\t\t\t\t\t\t\t\t\t<\/div>\r\n\t\t\t\t<\/div>\r\n\r\n\t\t\t\t\t\t<div style=\"clear: both;\"><\/div><\/div><div class=\"slideshow_view\">\r\n\t\t\t\t<div class=\"slideshow_slide slideshow_slide_image\">\r\n\t\t\t\t\t\t\t\t\t\t\t<img src=\"https:\/\/auboisdeslutins.fr\/wp-content\/uploads\/2016\/02\/Bougeoir1.jpg\" alt=\"Bougeoir en cypr\u00e8s de leyland\" width=\"468\" height=\"468\" \/>\r\n\t\t\t\t\t\t\t\t\t\t<div class=\"slideshow_description_box slideshow_transparent\">\r\n\t\t\t\t\t\t<div class=\"slideshow_title\">Bougeoir1<\/div>\t\t\t\t\t\t\t\t\t\t\t<\/div>\r\n\t\t\t\t<\/div>\r\n\r\n\t\t\t\t\t\t<div style=\"clear: both;\"><\/div><\/div><div class=\"slideshow_view\">\r\n\t\t\t\t<div class=\"slideshow_slide slideshow_slide_image\">\r\n\t\t\t\t\t\t\t\t\t\t\t<img src=\"https:\/\/auboisdeslutins.fr\/wp-content\/uploads\/2016\/01\/Lettrage-jules.jpg\" alt=\"Lettrage Jules\" width=\"640\" height=\"480\" \/>\r\n\t\t\t\t\t\t\t\t\t\t<div class=\"slideshow_description_box slideshow_transparent\">\r\n\t\t\t\t\t\t<div class=\"slideshow_title\">Lettrage Jules<\/div>\t\t\t\t\t\t\t\t\t\t\t<\/div>\r\n\t\t\t\t<\/div>\r\n\r\n\t\t\t\t\t\t<div style=\"clear: both;\"><\/div><\/div><div class=\"slideshow_view\">\r\n\t\t\t\t<div class=\"slideshow_slide slideshow_slide_image\">\r\n\t\t\t\t\t\t\t\t\t\t\t<img src=\"https:\/\/auboisdeslutins.fr\/wp-content\/uploads\/2016\/01\/cheval-bascule_1b.jpg\" alt=\"Cheval \u00e0 bascule\" width=\"1536\" height=\"1152\" \/>\r\n\t\t\t\t\t\t\t\t\t\t<div class=\"slideshow_description_box slideshow_transparent\">\r\n\t\t\t\t\t\t<div class=\"slideshow_title\">Cheval \u00e0 bascule<\/div>\t\t\t\t\t\t\t\t\t\t\t<\/div>\r\n\t\t\t\t<\/div>\r\n\r\n\t\t\t\t\t\t<div style=\"clear: both;\"><\/div><\/div><div class=\"slideshow_view\">\r\n\t\t\t\t<div class=\"slideshow_slide slideshow_slide_image\">\r\n\t\t\t\t\t\t\t\t\t\t\t<img src=\"https:\/\/auboisdeslutins.fr\/wp-content\/uploads\/2016\/01\/escargot_1.jpg\" alt=\"Puzzle escargot\" width=\"1536\" height=\"1152\" \/>\r\n\t\t\t\t\t\t\t\t\t\t<div class=\"slideshow_description_box slideshow_transparent\">\r\n\t\t\t\t\t\t<div class=\"slideshow_title\">Puzzle escargot 1<\/div>\t\t\t\t\t\t\t\t\t\t\t<\/div>\r\n\t\t\t\t<\/div>\r\n\r\n\t\t\t\t\t\t<div style=\"clear: both;\"><\/div><\/div>\r\n\t\t<\/div>\r\n\r\n\t\t<div class=\"slideshow_controlPanel slideshow_transparent\" style=\"display: none;\"><ul><li class=\"slideshow_togglePlay\" data-play-text=\"Play\" data-pause-text=\"Pause\"><\/li><\/ul><\/div>\r\n\r\n\t\t<div class=\"slideshow_button slideshow_previous slideshow_transparent\" role=\"button\" data-previous-text=\"Pr\u00e9c\u00e9dent\" style=\"display: none;\"><\/div>\r\n\t\t<div class=\"slideshow_button slideshow_next slideshow_transparent\" role=\"button\" data-next-text=\"Suivant\" style=\"display: none;\"><\/div>\r\n\r\n\t\t<div class=\"slideshow_pagination\" style=\"display: none;\" data-go-to-text=\"Go to slide\"><div class=\"slideshow_pagination_center\"><\/div><\/div>\r\n\r\n\t\t<!-- WordPress Slideshow Version 2.3.1 -->\r\n\r\n\t\t\t<\/div>\r\n\r\n<\/p>\n<p>Au Bois des Lutins est une entreprise artisanale de menuiserie situ\u00e9e \u00e0 Vieille-Chapelle pr\u00e8s de B\u00e9thune dans le Pas-de-Calais. Tous les produits propos\u00e9s ici sont fabriqu\u00e9s dans l&rsquo;atelier, sur place, \u00ab\u00a0made in Hauts-de-France\u00a0\u00bb&#8230;<\/p>\n<p>L&rsquo;objectif de ce site internet est de donner une id\u00e9e du savoir-faire, de la vari\u00e9t\u00e9 de l&rsquo;offre. Les prix sont donn\u00e9s \u00e0 titre indicatif pour une version de base de certains articles. L&rsquo;essentiel du travail est fait \u00e0 la demande, sur des projets uniques, par exemple des jeux avec un choix particulier d&rsquo;essence de bois, ou des meubles pens\u00e9s pour vous, \u00e0 vos dimensions.<\/p>\n<p>N&rsquo;h\u00e9sitez pas \u00e0 prendre contact, \u00e0 demander la personnalisation d&rsquo;un objet que vous avez rep\u00e9r\u00e9 ici, \u00e0 soumettre vos petits ou grands projets m\u00eames s&rsquo;ils sont encore un peu flous, Gr\u00e9gory, au Bois des Lutins, vous proposera la solution, utilisez le bouton <a href=\"https:\/\/auboisdeslutins.fr\/index.php\/demande-de-renseignements\/\" target=\"_blank\" rel=\"noopener\">Demande de renseignements<\/a><\/p>\n<p>N\u00b0 de Siret : 80914330800017<\/p>\n\n\n<p><\/p>\n","protected":false},"excerpt":{"rendered":"<p>Le Bois est un mat\u00e9riau noble, durable, qui offre tellement de\u00a0possibilit\u00e9s ! Au Bois des Lutins est une entreprise artisanale de menuiserie situ\u00e9e \u00e0 Vieille-Chapelle pr\u00e8s de B\u00e9thune dans le Pas-de-Calais. Tous les produits propos\u00e9s ici sont fabriqu\u00e9s dans l&rsquo;atelier, sur place, \u00ab\u00a0made in Hauts-de-France\u00a0\u00bb&#8230; L&rsquo;objectif de ce site internet est de donner une id\u00e9e [&hellip;]<\/p>\n","protected":false},"author":1,"featured_media":0,"parent":0,"menu_order":0,"comment_status":"closed","ping_status":"open","template":"","meta":{"footnotes":""},"class_list":["post-2","page","type-page","status-publish","hentry"],"yoast_head":"<!-- This site is optimized with the Yoast SEO plugin v27.5 - https:\/\/yoast.com\/product\/yoast-seo-wordpress\/ -->\n<title>Bienvenue ! - Au bois des lutins<\/title>\n<meta name=\"robots\" content=\"index, follow, max-snippet:-1, max-image-preview:large, max-video-preview:-1\" \/>\n<link rel=\"canonical\" href=\"https:\/\/auboisdeslutins.fr\/\" \/>\n<meta property=\"og:locale\" content=\"fr_FR\" \/>\n<meta property=\"og:type\" content=\"article\" \/>\n<meta property=\"og:title\" content=\"Bienvenue ! - Au bois des lutins\" \/>\n<meta property=\"og:description\" content=\"Le Bois est un mat\u00e9riau noble, durable, qui offre tellement de\u00a0possibilit\u00e9s ! Au Bois des Lutins est une entreprise artisanale de menuiserie situ\u00e9e \u00e0 Vieille-Chapelle pr\u00e8s de B\u00e9thune dans le Pas-de-Calais. Tous les produits propos\u00e9s ici sont fabriqu\u00e9s dans l&rsquo;atelier, sur place, \u00ab\u00a0made in Hauts-de-France\u00a0\u00bb&#8230; L&rsquo;objectif de ce site internet est de donner une id\u00e9e [&hellip;]\" \/>\n<meta property=\"og:url\" content=\"https:\/\/auboisdeslutins.fr\/\" \/>\n<meta property=\"og:site_name\" content=\"Au bois des lutins\" \/>\n<meta property=\"article:modified_time\" content=\"2023-11-22T18:05:43+00:00\" \/>\n<meta name=\"twitter:card\" content=\"summary_large_image\" \/>\n<meta name=\"twitter:label1\" content=\"Dur\u00e9e de lecture estim\u00e9e\" \/>\n\t<meta name=\"twitter:data1\" content=\"1 minute\" \/>\n<script type=\"application\/ld+json\" class=\"yoast-schema-graph\">{\"@context\":\"https:\\\/\\\/schema.org\",\"@graph\":[{\"@type\":\"WebPage\",\"@id\":\"https:\\\/\\\/auboisdeslutins.fr\\\/\",\"url\":\"https:\\\/\\\/auboisdeslutins.fr\\\/\",\"name\":\"Bienvenue ! - Au bois des lutins\",\"isPartOf\":{\"@id\":\"https:\\\/\\\/auboisdeslutins.fr\\\/#website\"},\"datePublished\":\"2016-01-06T17:30:04+00:00\",\"dateModified\":\"2023-11-22T18:05:43+00:00\",\"breadcrumb\":{\"@id\":\"https:\\\/\\\/auboisdeslutins.fr\\\/#breadcrumb\"},\"inLanguage\":\"fr-FR\",\"potentialAction\":[{\"@type\":\"ReadAction\",\"target\":[\"https:\\\/\\\/auboisdeslutins.fr\\\/\"]}]},{\"@type\":\"BreadcrumbList\",\"@id\":\"https:\\\/\\\/auboisdeslutins.fr\\\/#breadcrumb\",\"itemListElement\":[{\"@type\":\"ListItem\",\"position\":1,\"name\":\"Accueil\",\"item\":\"https:\\\/\\\/auboisdeslutins.fr\\\/\"},{\"@type\":\"ListItem\",\"position\":2,\"name\":\"Bienvenue !\"}]},{\"@type\":\"WebSite\",\"@id\":\"https:\\\/\\\/auboisdeslutins.fr\\\/#website\",\"url\":\"https:\\\/\\\/auboisdeslutins.fr\\\/\",\"name\":\"Au bois des lutins\",\"description\":\"menuiserie artisanale\",\"potentialAction\":[{\"@type\":\"SearchAction\",\"target\":{\"@type\":\"EntryPoint\",\"urlTemplate\":\"https:\\\/\\\/auboisdeslutins.fr\\\/?s={search_term_string}\"},\"query-input\":{\"@type\":\"PropertyValueSpecification\",\"valueRequired\":true,\"valueName\":\"search_term_string\"}}],\"inLanguage\":\"fr-FR\"}]}<\/script>\n<!-- \/ Yoast SEO plugin. -->","yoast_head_json":{"title":"Bienvenue ! - Au bois des lutins","robots":{"index":"index","follow":"follow","max-snippet":"max-snippet:-1","max-image-preview":"max-image-preview:large","max-video-preview":"max-video-preview:-1"},"canonical":"https:\/\/auboisdeslutins.fr\/","og_locale":"fr_FR","og_type":"article","og_title":"Bienvenue ! - Au bois des lutins","og_description":"Le Bois est un mat\u00e9riau noble, durable, qui offre tellement de\u00a0possibilit\u00e9s ! Au Bois des Lutins est une entreprise artisanale de menuiserie situ\u00e9e \u00e0 Vieille-Chapelle pr\u00e8s de B\u00e9thune dans le Pas-de-Calais. Tous les produits propos\u00e9s ici sont fabriqu\u00e9s dans l&rsquo;atelier, sur place, \u00ab\u00a0made in Hauts-de-France\u00a0\u00bb&#8230; L&rsquo;objectif de ce site internet est de donner une id\u00e9e [&hellip;]","og_url":"https:\/\/auboisdeslutins.fr\/","og_site_name":"Au bois des lutins","article_modified_time":"2023-11-22T18:05:43+00:00","twitter_card":"summary_large_image","twitter_misc":{"Dur\u00e9e de lecture estim\u00e9e":"1 minute"},"schema":{"@context":"https:\/\/schema.org","@graph":[{"@type":"WebPage","@id":"https:\/\/auboisdeslutins.fr\/","url":"https:\/\/auboisdeslutins.fr\/","name":"Bienvenue ! - Au bois des lutins","isPartOf":{"@id":"https:\/\/auboisdeslutins.fr\/#website"},"datePublished":"2016-01-06T17:30:04+00:00","dateModified":"2023-11-22T18:05:43+00:00","breadcrumb":{"@id":"https:\/\/auboisdeslutins.fr\/#breadcrumb"},"inLanguage":"fr-FR","potentialAction":[{"@type":"ReadAction","target":["https:\/\/auboisdeslutins.fr\/"]}]},{"@type":"BreadcrumbList","@id":"https:\/\/auboisdeslutins.fr\/#breadcrumb","itemListElement":[{"@type":"ListItem","position":1,"name":"Accueil","item":"https:\/\/auboisdeslutins.fr\/"},{"@type":"ListItem","position":2,"name":"Bienvenue !"}]},{"@type":"WebSite","@id":"https:\/\/auboisdeslutins.fr\/#website","url":"https:\/\/auboisdeslutins.fr\/","name":"Au bois des lutins","description":"menuiserie artisanale","potentialAction":[{"@type":"SearchAction","target":{"@type":"EntryPoint","urlTemplate":"https:\/\/auboisdeslutins.fr\/?s={search_term_string}"},"query-input":{"@type":"PropertyValueSpecification","valueRequired":true,"valueName":"search_term_string"}}],"inLanguage":"fr-FR"}]}},"_links":{"self":[{"href":"https:\/\/auboisdeslutins.fr\/index.php\/wp-json\/wp\/v2\/pages\/2","targetHints":{"allow":["GET"]}}],"collection":[{"href":"https:\/\/auboisdeslutins.fr\/index.php\/wp-json\/wp\/v2\/pages"}],"about":[{"href":"https:\/\/auboisdeslutins.fr\/index.php\/wp-json\/wp\/v2\/types\/page"}],"author":[{"embeddable":true,"href":"https:\/\/auboisdeslutins.fr\/index.php\/wp-json\/wp\/v2\/users\/1"}],"replies":[{"embeddable":true,"href":"https:\/\/auboisdeslutins.fr\/index.php\/wp-json\/wp\/v2\/comments?post=2"}],"version-history":[{"count":59,"href":"https:\/\/auboisdeslutins.fr\/index.php\/wp-json\/wp\/v2\/pages\/2\/revisions"}],"predecessor-version":[{"id":518,"href":"https:\/\/auboisdeslutins.fr\/index.php\/wp-json\/wp\/v2\/pages\/2\/revisions\/518"}],"wp:attachment":[{"href":"https:\/\/auboisdeslutins.fr\/index.php\/wp-json\/wp\/v2\/media?parent=2"}],"curies":[{"name":"wp","href":"https:\/\/api.w.org\/{rel}","templated":true}]}}